{"id":3982,"date":"2025-02-28T11:17:45","date_gmt":"2025-02-28T11:17:45","guid":{"rendered":"https:\/\/salthill-apartments.hu\/about-us\/"},"modified":"2025-12-02T10:00:42","modified_gmt":"2025-12-02T10:00:42","slug":"about-us","status":"publish","type":"page","link":"https:\/\/salthill-apartments.hu\/en\/about-us\/","title":{"rendered":"About us"},"content":{"rendered":"\t\t<div data-elementor-type=\"wp-page\" data-elementor-id=\"3982\" class=\"elementor elementor-3982 elementor-3974\" data-elementor-post-type=\"page\">\n\t\t\t\t<div class=\"elementor-element elementor-element-705df3f2 e-con-full e-flex e-con e-parent\" data-id=\"705df3f2\" data-element_type=\"container\" data-e-type=\"container\" data-settings=\"{&quot;background_background&quot;:&quot;classic&quot;}\">\n\t\t\t\t<\/div>\n\t\t<div class=\"elementor-element elementor-element-c3f1a9a e-flex e-con-boxed e-con e-parent\" data-id=\"c3f1a9a\" data-element_type=\"container\" data-e-type=\"container\" data-settings=\"{&quot;background_background&quot;:&quot;classic&quot;}\">\n\t\t\t\t\t<div class=\"e-con-inner\">\n\t\t<div class=\"elementor-element elementor-element-44e47ec e-con-full e-flex e-con e-child\" data-id=\"44e47ec\" data-element_type=\"container\" data-e-type=\"container\">\n\t\t\t\t<div class=\"elementor-element elementor-element-4edd0c8 elementor-widget elementor-widget-heading\" data-id=\"4edd0c8\" data-element_type=\"widget\" data-e-type=\"widget\" data-widget_type=\"heading.default\">\n\t\t\t\t<div class=\"elementor-widget-container\">\n\t\t\t\t\t<h2 class=\"elementor-heading-title elementor-size-default\">About us<\/h2>\t\t\t\t<\/div>\n\t\t\t\t<\/div>\n\t\t\t\t<div class=\"elementor-element elementor-element-3074642 elementor-widget__width-initial elementor-widget elementor-widget-heading\" data-id=\"3074642\" data-element_type=\"widget\" data-e-type=\"widget\" data-widget_type=\"heading.default\">\n\t\t\t\t<div class=\"elementor-widget-container\">\n\t\t\t\t\t<h2 class=\"elementor-heading-title elementor-size-default\">A Unique Environment,<br>with Hotel-Quality Comfort<\/h2>\t\t\t\t<\/div>\n\t\t\t\t<\/div>\n\t\t\t\t<div class=\"elementor-element elementor-element-3dd9b55 elementor-widget elementor-widget-text-editor\" data-id=\"3dd9b55\" data-element_type=\"widget\" data-e-type=\"widget\" data-widget_type=\"text-editor.default\">\n\t\t\t\t<div class=\"elementor-widget-container\">\n\t\t\t\t\t\t\t\t\t<p data-start=\"60\" data-end=\"117\"><strong data-start=\"34\" data-end=\"160\">Egerszal\u00f3k\u2019s newest automated accommodation awaits guests seeking relaxation and rejuvenation, offering breakfast service.<\/strong><br data-start=\"160\" data-end=\"163\" \/>This modern complex unique even within the region features 49 exclusive apartments. Salt Hill Premium Apartments provides a truly private atmosphere for unwinding<\/p>\n\t\t\t\t\t\t\t\t<\/div>\n\t\t\t\t<\/div>\n\t\t\t\t<div class=\"elementor-element elementor-element-374d7b4 elementor-widget elementor-widget-text-editor\" data-id=\"374d7b4\" data-element_type=\"widget\" data-e-type=\"widget\" data-widget_type=\"text-editor.default\">\n\t\t\t\t<div class=\"elementor-widget-container\">\n\t\t\t\t\t\t\t\t\t<p><strong data-start=\"34\" data-end=\"188\">Imagine waking up in a comfortable, spacious apartment that feels just like home, with a fresh, high-quality breakfast waiting right at your doorstep.<\/strong><br data-start=\"188\" data-end=\"191\" \/>You can even enjoy your breakfast on your own panoramic terrace while admiring the breathtaking natural treasures of the Thermal Valley.<\/p>\n\t\t\t\t\t\t\t\t<\/div>\n\t\t\t\t<\/div>\n\t\t\t\t<div class=\"elementor-element elementor-element-5505e0d elementor-widget elementor-widget-text-editor\" data-id=\"5505e0d\" data-element_type=\"widget\" data-e-type=\"widget\" data-widget_type=\"text-editor.default\">\n\t\t\t\t<div class=\"elementor-widget-container\">\n\t\t\t\t\t\t\t\t\t<p><strong>Book now<\/strong> at a <strong>discounted price<\/strong> and treat yourself to this unforgettable experience!<\/p>\t\t\t\t\t\t\t\t<\/div>\n\t\t\t\t<\/div>\n\t\t\t\t<\/div>\n\t\t<div class=\"elementor-element elementor-element-d43c49e e-con-full e-flex e-con e-child\" data-id=\"d43c49e\" data-element_type=\"container\" data-e-type=\"container\">\n\t\t\t\t<div class=\"elementor-element elementor-element-6bb14b1 elementor-widget elementor-widget-image\" data-id=\"6bb14b1\" data-element_type=\"widget\" data-e-type=\"widget\" data-widget_type=\"image.default\">\n\t\t\t\t<div class=\"elementor-widget-container\">\n\t\t\t\t\t\t\t\t\t\t\t\t\t\t\t<img fetchpriority=\"high\" decoding=\"async\" width=\"800\" height=\"747\" src=\"https:\/\/salthill-apartments.hu\/wp-content\/uploads\/2025\/02\/fooldalallo-1024x956.png\" class=\"attachment-large size-large wp-image-3841\" alt=\"\" srcset=\"https:\/\/salthill-apartments.hu\/wp-content\/uploads\/2025\/02\/fooldalallo-1024x956.png 1024w, https:\/\/salthill-apartments.hu\/wp-content\/uploads\/2025\/02\/fooldalallo-300x280.png 300w, https:\/\/salthill-apartments.hu\/wp-content\/uploads\/2025\/02\/fooldalallo-768x717.png 768w, https:\/\/salthill-apartments.hu\/wp-content\/uploads\/2025\/02\/fooldalallo-1536x1434.png 1536w, https:\/\/salthill-apartments.hu\/wp-content\/uploads\/2025\/02\/fooldalallo-2048x1912.png 2048w\" sizes=\"(max-width: 800px) 100vw, 800px\" \/>\t\t\t\t\t\t\t\t\t\t\t\t\t\t\t<\/div>\n\t\t\t\t<\/div>\n\t\t\t\t<\/div>\n\t\t\t\t\t<\/div>\n\t\t\t\t<\/div>\n\t\t\t\t<\/div>\n\t\t","protected":false},"excerpt":{"rendered":"<p>About us A Unique Environment,with Hotel-Quality Comfort Egerszal\u00f3k\u2019s newest automated accommodation awaits guests seeking relaxation and rejuvenation, offering breakfast service.This modern complex unique even within the region features 49 exclusive apartments. Salt Hill Premium Apartments provides a truly private atmosphere for unwinding Imagine waking up in a comfortable, spacious apartment that feels just like home, [&hellip;]<\/p>\n","protected":false},"author":1,"featured_media":0,"parent":0,"menu_order":0,"comment_status":"closed","ping_status":"closed","template":"","meta":{"_glsr_average":0,"_glsr_ranking":0,"_glsr_reviews":0,"footnotes":""},"class_list":["post-3982","page","type-page","status-publish","hentry"],"yoast_head":"<!-- This site is optimized with the Yoast SEO Premium plugin v27.3 (Yoast SEO v27.3) - https:\/\/yoast.com\/product\/yoast-seo-premium-wordpress\/ -->\n<title>About us - Salt Hill Premium Apartments<\/title>\n<meta name=\"robots\" content=\"index, follow, max-snippet:-1, max-image-preview:large, max-video-preview:-1\" \/>\n<link rel=\"canonical\" href=\"https:\/\/salthill-apartments.hu\/en\/about-us\/\" \/>\n<meta property=\"og:locale\" content=\"en_US\" \/>\n<meta property=\"og:type\" content=\"article\" \/>\n<meta property=\"og:title\" content=\"About us\" \/>\n<meta property=\"og:description\" content=\"About us A Unique Environment,with Hotel-Quality Comfort Egerszal\u00f3k\u2019s newest automated accommodation awaits guests seeking relaxation and rejuvenation, offering breakfast service.This modern complex unique even within the region features 49 exclusive apartments. Salt Hill Premium Apartments provides a truly private atmosphere for unwinding Imagine waking up in a comfortable, spacious apartment that feels just like home, [&hellip;]\" \/>\n<meta property=\"og:url\" content=\"https:\/\/salthill-apartments.hu\/en\/about-us\/\" \/>\n<meta property=\"og:site_name\" content=\"Salt Hill Premium Apartments\" \/>\n<meta property=\"article:publisher\" content=\"https:\/\/www.facebook.com\/profile.php?id=61559642724711\" \/>\n<meta property=\"article:modified_time\" content=\"2025-12-02T10:00:42+00:00\" \/>\n<meta property=\"og:image\" content=\"https:\/\/salthill-apartments.hu\/wp-content\/uploads\/2025\/02\/fooldalallo-1024x956.png\" \/>\n\t<meta property=\"og:image:width\" content=\"1024\" \/>\n\t<meta property=\"og:image:height\" content=\"956\" \/>\n\t<meta property=\"og:image:type\" content=\"image\/png\" \/>\n<meta name=\"twitter:card\" content=\"summary_large_image\" \/>\n<meta name=\"twitter:label1\" content=\"Est. reading time\" \/>\n\t<meta name=\"twitter:data1\" content=\"1 minute\" \/>\n<script type=\"application\/ld+json\" class=\"yoast-schema-graph\">{\"@context\":\"https:\\\/\\\/schema.org\",\"@graph\":[{\"@type\":\"WebPage\",\"@id\":\"https:\\\/\\\/salthill-apartments.hu\\\/en\\\/about-us\\\/\",\"url\":\"https:\\\/\\\/salthill-apartments.hu\\\/en\\\/about-us\\\/\",\"name\":\"About us - Salt Hill Premium Apartments\",\"isPartOf\":{\"@id\":\"https:\\\/\\\/salthill-apartments.hu\\\/#website\"},\"primaryImageOfPage\":{\"@id\":\"https:\\\/\\\/salthill-apartments.hu\\\/en\\\/about-us\\\/#primaryimage\"},\"image\":{\"@id\":\"https:\\\/\\\/salthill-apartments.hu\\\/en\\\/about-us\\\/#primaryimage\"},\"thumbnailUrl\":\"https:\\\/\\\/salthill-apartments.hu\\\/wp-content\\\/uploads\\\/2025\\\/02\\\/fooldalallo-1024x956.png\",\"datePublished\":\"2025-02-28T11:17:45+00:00\",\"dateModified\":\"2025-12-02T10:00:42+00:00\",\"breadcrumb\":{\"@id\":\"https:\\\/\\\/salthill-apartments.hu\\\/en\\\/about-us\\\/#breadcrumb\"},\"inLanguage\":\"en-US\",\"potentialAction\":[{\"@type\":\"ReadAction\",\"target\":[\"https:\\\/\\\/salthill-apartments.hu\\\/en\\\/about-us\\\/\"]}]},{\"@type\":\"ImageObject\",\"inLanguage\":\"en-US\",\"@id\":\"https:\\\/\\\/salthill-apartments.hu\\\/en\\\/about-us\\\/#primaryimage\",\"url\":\"https:\\\/\\\/salthill-apartments.hu\\\/wp-content\\\/uploads\\\/2025\\\/02\\\/fooldalallo-1024x956.png\",\"contentUrl\":\"https:\\\/\\\/salthill-apartments.hu\\\/wp-content\\\/uploads\\\/2025\\\/02\\\/fooldalallo-1024x956.png\"},{\"@type\":\"BreadcrumbList\",\"@id\":\"https:\\\/\\\/salthill-apartments.hu\\\/en\\\/about-us\\\/#breadcrumb\",\"itemListElement\":[{\"@type\":\"ListItem\",\"position\":1,\"name\":\"Kezd\u0151lap\",\"item\":\"https:\\\/\\\/salthill-apartments.hu\\\/en\\\/\"},{\"@type\":\"ListItem\",\"position\":2,\"name\":\"About us\"}]},{\"@type\":\"WebSite\",\"@id\":\"https:\\\/\\\/salthill-apartments.hu\\\/#website\",\"url\":\"https:\\\/\\\/salthill-apartments.hu\\\/\",\"name\":\"Salt Hill Premium Apartments\",\"description\":\"Egyed\u00fcl\u00e1ll\u00f3 K\u00f6rnyezet Sz\u00e1llodai Min\u0151s\u00e9gben\",\"publisher\":{\"@id\":\"https:\\\/\\\/salthill-apartments.hu\\\/#organization\"},\"alternateName\":\"Salt Hill Apartments\",\"potentialAction\":[{\"@type\":\"SearchAction\",\"target\":{\"@type\":\"EntryPoint\",\"urlTemplate\":\"https:\\\/\\\/salthill-apartments.hu\\\/?s={search_term_string}\"},\"query-input\":{\"@type\":\"PropertyValueSpecification\",\"valueRequired\":true,\"valueName\":\"search_term_string\"}}],\"inLanguage\":\"en-US\"},{\"@type\":\"Organization\",\"@id\":\"https:\\\/\\\/salthill-apartments.hu\\\/#organization\",\"name\":\"Salt Hill Premium Apartments\",\"url\":\"https:\\\/\\\/salthill-apartments.hu\\\/\",\"logo\":{\"@type\":\"ImageObject\",\"inLanguage\":\"en-US\",\"@id\":\"https:\\\/\\\/salthill-apartments.hu\\\/#\\\/schema\\\/logo\\\/image\\\/\",\"url\":\"https:\\\/\\\/salthill-apartments.hu\\\/wp-content\\\/uploads\\\/2023\\\/06\\\/Logo-Black.png\",\"contentUrl\":\"https:\\\/\\\/salthill-apartments.hu\\\/wp-content\\\/uploads\\\/2023\\\/06\\\/Logo-Black.png\",\"width\":250,\"height\":319,\"caption\":\"Salt Hill Premium Apartments\"},\"image\":{\"@id\":\"https:\\\/\\\/salthill-apartments.hu\\\/#\\\/schema\\\/logo\\\/image\\\/\"},\"sameAs\":[\"https:\\\/\\\/www.facebook.com\\\/profile.php?id=61559642724711\",\"https:\\\/\\\/www.instagram.com\\\/salthillpremiumapartments\\\/?hl=hu\"],\"description\":\"Egyed\u00fcl\u00e1ll\u00f3 k\u00f6rnyezet, sz\u00e1llodai min\u0151s\u00e9gben! A k\u00f6zelm\u00falt esem\u00e9nyei \u00e9s a jelenkor v\u00e1ltoz\u00e1sai megmutatt\u00e1k, hogy a legnagyobb \u00e9rt\u00e9k az egy\u00fctt t\u00f6lt\u00f6tt id\u0151. A Salt Hill Premium Apartments a gy\u00f6ny\u00f6r\u0171 fenyvesek \u00e1ltal k\u00f6r\u00fcl\u00f6lelt egerszal\u00f3ki Term\u00e1l V\u00f6lgyben, az egerszal\u00f3ki gy\u00f3gyforr\u00e1s \u00e9s az Eur\u00f3p\u00e1ban egyed\u00fcl\u00e1ll\u00f3 egerszal\u00f3ki S\u00f3domb k\u00f6zvetlen k\u00f6zel\u00e9ben v\u00e1rja a pihenni \u00e9s kikapcsol\u00f3dni v\u00e1gy\u00f3 vend\u00e9geket.\",\"email\":\"info@salthill-apartments.hu\"}]}<\/script>\n<!-- \/ Yoast SEO Premium plugin. -->","yoast_head_json":{"title":"About us - Salt Hill Premium Apartments","robots":{"index":"index","follow":"follow","max-snippet":"max-snippet:-1","max-image-preview":"max-image-preview:large","max-video-preview":"max-video-preview:-1"},"canonical":"https:\/\/salthill-apartments.hu\/en\/about-us\/","og_locale":"en_US","og_type":"article","og_title":"About us","og_description":"About us A Unique Environment,with Hotel-Quality Comfort Egerszal\u00f3k\u2019s newest automated accommodation awaits guests seeking relaxation and rejuvenation, offering breakfast service.This modern complex unique even within the region features 49 exclusive apartments. Salt Hill Premium Apartments provides a truly private atmosphere for unwinding Imagine waking up in a comfortable, spacious apartment that feels just like home, [&hellip;]","og_url":"https:\/\/salthill-apartments.hu\/en\/about-us\/","og_site_name":"Salt Hill Premium Apartments","article_publisher":"https:\/\/www.facebook.com\/profile.php?id=61559642724711","article_modified_time":"2025-12-02T10:00:42+00:00","og_image":[{"width":1024,"height":956,"url":"https:\/\/salthill-apartments.hu\/wp-content\/uploads\/2025\/02\/fooldalallo-1024x956.png","type":"image\/png"}],"twitter_card":"summary_large_image","twitter_misc":{"Est. reading time":"1 minute"},"schema":{"@context":"https:\/\/schema.org","@graph":[{"@type":"WebPage","@id":"https:\/\/salthill-apartments.hu\/en\/about-us\/","url":"https:\/\/salthill-apartments.hu\/en\/about-us\/","name":"About us - Salt Hill Premium Apartments","isPartOf":{"@id":"https:\/\/salthill-apartments.hu\/#website"},"primaryImageOfPage":{"@id":"https:\/\/salthill-apartments.hu\/en\/about-us\/#primaryimage"},"image":{"@id":"https:\/\/salthill-apartments.hu\/en\/about-us\/#primaryimage"},"thumbnailUrl":"https:\/\/salthill-apartments.hu\/wp-content\/uploads\/2025\/02\/fooldalallo-1024x956.png","datePublished":"2025-02-28T11:17:45+00:00","dateModified":"2025-12-02T10:00:42+00:00","breadcrumb":{"@id":"https:\/\/salthill-apartments.hu\/en\/about-us\/#breadcrumb"},"inLanguage":"en-US","potentialAction":[{"@type":"ReadAction","target":["https:\/\/salthill-apartments.hu\/en\/about-us\/"]}]},{"@type":"ImageObject","inLanguage":"en-US","@id":"https:\/\/salthill-apartments.hu\/en\/about-us\/#primaryimage","url":"https:\/\/salthill-apartments.hu\/wp-content\/uploads\/2025\/02\/fooldalallo-1024x956.png","contentUrl":"https:\/\/salthill-apartments.hu\/wp-content\/uploads\/2025\/02\/fooldalallo-1024x956.png"},{"@type":"BreadcrumbList","@id":"https:\/\/salthill-apartments.hu\/en\/about-us\/#breadcrumb","itemListElement":[{"@type":"ListItem","position":1,"name":"Kezd\u0151lap","item":"https:\/\/salthill-apartments.hu\/en\/"},{"@type":"ListItem","position":2,"name":"About us"}]},{"@type":"WebSite","@id":"https:\/\/salthill-apartments.hu\/#website","url":"https:\/\/salthill-apartments.hu\/","name":"Salt Hill Premium Apartments","description":"Egyed\u00fcl\u00e1ll\u00f3 K\u00f6rnyezet Sz\u00e1llodai Min\u0151s\u00e9gben","publisher":{"@id":"https:\/\/salthill-apartments.hu\/#organization"},"alternateName":"Salt Hill Apartments","potentialAction":[{"@type":"SearchAction","target":{"@type":"EntryPoint","urlTemplate":"https:\/\/salthill-apartments.hu\/?s={search_term_string}"},"query-input":{"@type":"PropertyValueSpecification","valueRequired":true,"valueName":"search_term_string"}}],"inLanguage":"en-US"},{"@type":"Organization","@id":"https:\/\/salthill-apartments.hu\/#organization","name":"Salt Hill Premium Apartments","url":"https:\/\/salthill-apartments.hu\/","logo":{"@type":"ImageObject","inLanguage":"en-US","@id":"https:\/\/salthill-apartments.hu\/#\/schema\/logo\/image\/","url":"https:\/\/salthill-apartments.hu\/wp-content\/uploads\/2023\/06\/Logo-Black.png","contentUrl":"https:\/\/salthill-apartments.hu\/wp-content\/uploads\/2023\/06\/Logo-Black.png","width":250,"height":319,"caption":"Salt Hill Premium Apartments"},"image":{"@id":"https:\/\/salthill-apartments.hu\/#\/schema\/logo\/image\/"},"sameAs":["https:\/\/www.facebook.com\/profile.php?id=61559642724711","https:\/\/www.instagram.com\/salthillpremiumapartments\/?hl=hu"],"description":"Egyed\u00fcl\u00e1ll\u00f3 k\u00f6rnyezet, sz\u00e1llodai min\u0151s\u00e9gben! A k\u00f6zelm\u00falt esem\u00e9nyei \u00e9s a jelenkor v\u00e1ltoz\u00e1sai megmutatt\u00e1k, hogy a legnagyobb \u00e9rt\u00e9k az egy\u00fctt t\u00f6lt\u00f6tt id\u0151. A Salt Hill Premium Apartments a gy\u00f6ny\u00f6r\u0171 fenyvesek \u00e1ltal k\u00f6r\u00fcl\u00f6lelt egerszal\u00f3ki Term\u00e1l V\u00f6lgyben, az egerszal\u00f3ki gy\u00f3gyforr\u00e1s \u00e9s az Eur\u00f3p\u00e1ban egyed\u00fcl\u00e1ll\u00f3 egerszal\u00f3ki S\u00f3domb k\u00f6zvetlen k\u00f6zel\u00e9ben v\u00e1rja a pihenni \u00e9s kikapcsol\u00f3dni v\u00e1gy\u00f3 vend\u00e9geket.","email":"info@salthill-apartments.hu"}]}},"_links":{"self":[{"href":"https:\/\/salthill-apartments.hu\/en\/wp-json\/wp\/v2\/pages\/3982","targetHints":{"allow":["GET"]}}],"collection":[{"href":"https:\/\/salthill-apartments.hu\/en\/wp-json\/wp\/v2\/pages"}],"about":[{"href":"https:\/\/salthill-apartments.hu\/en\/wp-json\/wp\/v2\/types\/page"}],"author":[{"embeddable":true,"href":"https:\/\/salthill-apartments.hu\/en\/wp-json\/wp\/v2\/users\/1"}],"replies":[{"embeddable":true,"href":"https:\/\/salthill-apartments.hu\/en\/wp-json\/wp\/v2\/comments?post=3982"}],"version-history":[{"count":5,"href":"https:\/\/salthill-apartments.hu\/en\/wp-json\/wp\/v2\/pages\/3982\/revisions"}],"predecessor-version":[{"id":4261,"href":"https:\/\/salthill-apartments.hu\/en\/wp-json\/wp\/v2\/pages\/3982\/revisions\/4261"}],"wp:attachment":[{"href":"https:\/\/salthill-apartments.hu\/en\/wp-json\/wp\/v2\/media?parent=3982"}],"curies":[{"name":"wp","href":"https:\/\/api.w.org\/{rel}","templated":true}]}}