{"id":3181,"date":"2024-04-14T15:46:44","date_gmt":"2024-04-14T15:46:44","guid":{"rendered":"https:\/\/salthill-apartments.hu\/other-services\/"},"modified":"2025-12-02T10:03:08","modified_gmt":"2025-12-02T10:03:08","slug":"other-services","status":"publish","type":"page","link":"https:\/\/salthill-apartments.hu\/en\/other-services\/","title":{"rendered":"Other Services"},"content":{"rendered":"\t\t<div data-elementor-type=\"wp-page\" data-elementor-id=\"3181\" class=\"elementor elementor-3181 elementor-3179\" data-elementor-post-type=\"page\">\n\t\t\t\t<div class=\"elementor-element elementor-element-25146d81 e-con-full e-flex e-con e-parent\" data-id=\"25146d81\" data-element_type=\"container\" data-e-type=\"container\" data-settings=\"{&quot;background_background&quot;:&quot;classic&quot;}\">\n\t\t\t\t<div class=\"elementor-element elementor-element-397554a2 elementor-hidden-desktop elementor-widget elementor-widget-heading\" data-id=\"397554a2\" data-element_type=\"widget\" data-e-type=\"widget\" data-widget_type=\"heading.default\">\n\t\t\t\t<div class=\"elementor-widget-container\">\n\t\t\t\t\t<h2 class=\"elementor-heading-title elementor-size-default\">EXTRA SOLUTIONS<\/h2>\t\t\t\t<\/div>\n\t\t\t\t<\/div>\n\t\t\t\t<div class=\"elementor-element elementor-element-4d87ddb2 elementor-hidden-desktop elementor-widget elementor-widget-heading\" data-id=\"4d87ddb2\" data-element_type=\"widget\" data-e-type=\"widget\" data-widget_type=\"heading.default\">\n\t\t\t\t<div class=\"elementor-widget-container\">\n\t\t\t\t\t<h2 class=\"elementor-heading-title elementor-size-default\">Other services available<\/h2>\t\t\t\t<\/div>\n\t\t\t\t<\/div>\n\t\t\t\t<\/div>\n\t\t<div class=\"elementor-element elementor-element-472e9f20 e-flex e-con-boxed e-con e-parent\" data-id=\"472e9f20\" data-element_type=\"container\" data-e-type=\"container\">\n\t\t\t\t\t<div class=\"e-con-inner\">\n\t\t<div class=\"elementor-element elementor-element-3acc96d0 e-con-full e-flex e-con e-child\" data-id=\"3acc96d0\" data-element_type=\"container\" data-e-type=\"container\">\n\t\t<div class=\"elementor-element elementor-element-61ce7416 e-con-full e-flex e-con e-child\" data-id=\"61ce7416\" data-element_type=\"container\" data-e-type=\"container\">\n\t\t\t\t<div class=\"elementor-element elementor-element-55087b2f elementor-hidden-tablet elementor-hidden-mobile elementor-widget elementor-widget-heading\" data-id=\"55087b2f\" data-element_type=\"widget\" data-e-type=\"widget\" data-widget_type=\"heading.default\">\n\t\t\t\t<div class=\"elementor-widget-container\">\n\t\t\t\t\t<h2 class=\"elementor-heading-title elementor-size-default\">extra services<\/h2>\t\t\t\t<\/div>\n\t\t\t\t<\/div>\n\t\t\t\t<div class=\"elementor-element elementor-element-241434bf elementor-hidden-tablet elementor-hidden-mobile elementor-widget elementor-widget-heading\" data-id=\"241434bf\" data-element_type=\"widget\" data-e-type=\"widget\" data-widget_type=\"heading.default\">\n\t\t\t\t<div class=\"elementor-widget-container\">\n\t\t\t\t\t<h2 class=\"elementor-heading-title elementor-size-default\">Other services available<\/h2>\t\t\t\t<\/div>\n\t\t\t\t<\/div>\n\t\t\t\t<div class=\"elementor-element elementor-element-79dab803 elementor-widget elementor-widget-heading\" data-id=\"79dab803\" data-element_type=\"widget\" data-e-type=\"widget\" data-widget_type=\"heading.default\">\n\t\t\t\t<div class=\"elementor-widget-container\">\n\t\t\t\t\t<h2 class=\"elementor-heading-title elementor-size-default\">To use our other services, please indicate your order in advance in the booking interface or by email.<\/h2>\t\t\t\t<\/div>\n\t\t\t\t<\/div>\n\t\t\t\t<\/div>\n\t\t<div class=\"elementor-element elementor-element-20806e9 e-grid e-con-boxed e-con e-child\" data-id=\"20806e9\" data-element_type=\"container\" data-e-type=\"container\">\n\t\t\t\t\t<div class=\"e-con-inner\">\n\t\t<div class=\"elementor-element elementor-element-7390a428 e-con-full e-flex e-con e-child\" data-id=\"7390a428\" data-element_type=\"container\" data-e-type=\"container\" data-settings=\"{&quot;background_background&quot;:&quot;classic&quot;}\">\n\t\t\t\t<div class=\"elementor-element elementor-element-7fb52fed elementor-widget elementor-widget-image\" data-id=\"7fb52fed\" data-element_type=\"widget\" data-e-type=\"widget\" data-widget_type=\"image.default\">\n\t\t\t\t<div class=\"elementor-widget-container\">\n\t\t\t\t\t\t\t\t\t\t\t\t\t\t\t\t<a href=\"#elementor-action%3Aaction%3Dpopup%3Aopen%26settings%3DeyJpZCI6MjgzMiwidG9nZ2xlIjpmYWxzZX0%3D\">\n\t\t\t\t\t\t\t<img fetchpriority=\"high\" decoding=\"async\" width=\"1024\" height=\"1024\" src=\"https:\/\/salthill-apartments.hu\/wp-content\/uploads\/2023\/07\/champagne.png\" class=\"elementor-animation-grow attachment-full size-full wp-image-2589\" alt=\"\" srcset=\"https:\/\/salthill-apartments.hu\/wp-content\/uploads\/2023\/07\/champagne.png 1024w, https:\/\/salthill-apartments.hu\/wp-content\/uploads\/2023\/07\/champagne-300x300.png 300w, https:\/\/salthill-apartments.hu\/wp-content\/uploads\/2023\/07\/champagne-150x150.png 150w, https:\/\/salthill-apartments.hu\/wp-content\/uploads\/2023\/07\/champagne-768x768.png 768w\" sizes=\"(max-width: 1024px) 100vw, 1024px\" \/>\t\t\t\t\t\t\t\t<\/a>\n\t\t\t\t\t\t\t\t\t\t\t\t\t\t\t<\/div>\n\t\t\t\t<\/div>\n\t\t\t\t<\/div>\n\t\t<div class=\"elementor-element elementor-element-2a2b09e7 e-con-full e-flex e-con e-child\" data-id=\"2a2b09e7\" data-element_type=\"container\" data-e-type=\"container\" data-settings=\"{&quot;background_background&quot;:&quot;classic&quot;}\">\n\t\t\t\t<div class=\"elementor-element elementor-element-43d20cd9 elementor-widget elementor-widget-image\" data-id=\"43d20cd9\" data-element_type=\"widget\" data-e-type=\"widget\" data-widget_type=\"image.default\">\n\t\t\t\t<div class=\"elementor-widget-container\">\n\t\t\t\t\t\t\t\t\t\t\t\t\t\t\t\t<a href=\"#elementor-action%3Aaction%3Dpopup%3Aopen%26settings%3DeyJpZCI6Mjg1NiwidG9nZ2xlIjpmYWxzZX0%3D\">\n\t\t\t\t\t\t\t<img decoding=\"async\" width=\"1024\" height=\"1024\" src=\"https:\/\/salthill-apartments.hu\/wp-content\/uploads\/2023\/07\/chocolate.png\" class=\"elementor-animation-grow attachment-full size-full wp-image-2590\" alt=\"\" srcset=\"https:\/\/salthill-apartments.hu\/wp-content\/uploads\/2023\/07\/chocolate.png 1024w, https:\/\/salthill-apartments.hu\/wp-content\/uploads\/2023\/07\/chocolate-300x300.png 300w, https:\/\/salthill-apartments.hu\/wp-content\/uploads\/2023\/07\/chocolate-150x150.png 150w, https:\/\/salthill-apartments.hu\/wp-content\/uploads\/2023\/07\/chocolate-768x768.png 768w\" sizes=\"(max-width: 1024px) 100vw, 1024px\" \/>\t\t\t\t\t\t\t\t<\/a>\n\t\t\t\t\t\t\t\t\t\t\t\t\t\t\t<\/div>\n\t\t\t\t<\/div>\n\t\t\t\t<\/div>\n\t\t<div class=\"elementor-element elementor-element-110ca13 e-con-full e-flex e-con e-child\" data-id=\"110ca13\" data-element_type=\"container\" data-e-type=\"container\" data-settings=\"{&quot;background_background&quot;:&quot;classic&quot;}\">\n\t\t\t\t<div class=\"elementor-element elementor-element-c529a10 elementor-widget elementor-widget-image\" data-id=\"c529a10\" data-element_type=\"widget\" data-e-type=\"widget\" data-widget_type=\"image.default\">\n\t\t\t\t<div class=\"elementor-widget-container\">\n\t\t\t\t\t\t\t\t\t\t\t\t\t\t\t\t<a href=\"#elementor-action%3Aaction%3Dpopup%3Aopen%26settings%3DeyJpZCI6Mjg1OSwidG9nZ2xlIjpmYWxzZX0%3D\">\n\t\t\t\t\t\t\t<img decoding=\"async\" width=\"512\" height=\"512\" src=\"https:\/\/salthill-apartments.hu\/wp-content\/uploads\/2023\/07\/high-chair-1.svg\" class=\"elementor-animation-grow attachment-full size-full wp-image-2583\" alt=\"\" \/>\t\t\t\t\t\t\t\t<\/a>\n\t\t\t\t\t\t\t\t\t\t\t\t\t\t\t<\/div>\n\t\t\t\t<\/div>\n\t\t\t\t<\/div>\n\t\t<div class=\"elementor-element elementor-element-29721b85 e-con-full e-flex e-con e-child\" data-id=\"29721b85\" data-element_type=\"container\" data-e-type=\"container\" data-settings=\"{&quot;background_background&quot;:&quot;classic&quot;}\">\n\t\t\t\t<div class=\"elementor-element elementor-element-503bd303 elementor-widget elementor-widget-image\" data-id=\"503bd303\" data-element_type=\"widget\" data-e-type=\"widget\" data-widget_type=\"image.default\">\n\t\t\t\t<div class=\"elementor-widget-container\">\n\t\t\t\t\t\t\t\t\t\t\t\t\t\t\t\t<a href=\"#elementor-action%3Aaction%3Dpopup%3Aopen%26settings%3DeyJpZCI6Mjg0MywidG9nZ2xlIjpmYWxzZX0%3D\">\n\t\t\t\t\t\t\t<img loading=\"lazy\" decoding=\"async\" width=\"1024\" height=\"1024\" src=\"https:\/\/salthill-apartments.hu\/wp-content\/uploads\/2023\/07\/bouquet.png\" class=\"elementor-animation-grow attachment-full size-full wp-image-2588\" alt=\"\" srcset=\"https:\/\/salthill-apartments.hu\/wp-content\/uploads\/2023\/07\/bouquet.png 1024w, https:\/\/salthill-apartments.hu\/wp-content\/uploads\/2023\/07\/bouquet-300x300.png 300w, https:\/\/salthill-apartments.hu\/wp-content\/uploads\/2023\/07\/bouquet-150x150.png 150w, https:\/\/salthill-apartments.hu\/wp-content\/uploads\/2023\/07\/bouquet-768x768.png 768w\" sizes=\"(max-width: 1024px) 100vw, 1024px\" \/>\t\t\t\t\t\t\t\t<\/a>\n\t\t\t\t\t\t\t\t\t\t\t\t\t\t\t<\/div>\n\t\t\t\t<\/div>\n\t\t\t\t<\/div>\n\t\t<div class=\"elementor-element elementor-element-4502126f e-con-full e-flex e-con e-child\" data-id=\"4502126f\" data-element_type=\"container\" data-e-type=\"container\" data-settings=\"{&quot;background_background&quot;:&quot;classic&quot;}\">\n\t\t\t\t<div class=\"elementor-element elementor-element-616b8d1d elementor-widget elementor-widget-image\" data-id=\"616b8d1d\" data-element_type=\"widget\" data-e-type=\"widget\" data-widget_type=\"image.default\">\n\t\t\t\t<div class=\"elementor-widget-container\">\n\t\t\t\t\t\t\t\t\t\t\t\t\t\t\t\t<a href=\"#elementor-action%3Aaction%3Dpopup%3Aopen%26settings%3DeyJpZCI6MjgzOSwidG9nZ2xlIjpmYWxzZX0%3D\">\n\t\t\t\t\t\t\t<img loading=\"lazy\" decoding=\"async\" width=\"512\" height=\"512\" src=\"https:\/\/salthill-apartments.hu\/wp-content\/uploads\/2025\/12\/ticket.png\" class=\"elementor-animation-grow attachment-full size-full wp-image-4232\" alt=\"\" srcset=\"https:\/\/salthill-apartments.hu\/wp-content\/uploads\/2025\/12\/ticket.png 512w, https:\/\/salthill-apartments.hu\/wp-content\/uploads\/2025\/12\/ticket-300x300.png 300w, https:\/\/salthill-apartments.hu\/wp-content\/uploads\/2025\/12\/ticket-150x150.png 150w\" sizes=\"(max-width: 512px) 100vw, 512px\" \/>\t\t\t\t\t\t\t\t<\/a>\n\t\t\t\t\t\t\t\t\t\t\t\t\t\t\t<\/div>\n\t\t\t\t<\/div>\n\t\t\t\t<\/div>\n\t\t<div class=\"elementor-element elementor-element-db2bc36 e-con-full e-flex e-con e-child\" data-id=\"db2bc36\" data-element_type=\"container\" data-e-type=\"container\" data-settings=\"{&quot;background_background&quot;:&quot;classic&quot;}\">\n\t\t\t\t<div class=\"elementor-element elementor-element-28c9571b elementor-widget elementor-widget-image\" data-id=\"28c9571b\" data-element_type=\"widget\" data-e-type=\"widget\" data-widget_type=\"image.default\">\n\t\t\t\t<div class=\"elementor-widget-container\">\n\t\t\t\t\t\t\t\t\t\t\t\t\t\t\t\t<a href=\"#elementor-action%3Aaction%3Dpopup%3Aopen%26settings%3DeyJpZCI6Mjg0MCwidG9nZ2xlIjpmYWxzZX0%3D\">\n\t\t\t\t\t\t\t<img loading=\"lazy\" decoding=\"async\" width=\"512\" height=\"512\" src=\"https:\/\/salthill-apartments.hu\/wp-content\/uploads\/2023\/07\/wine-glass.svg\" class=\"elementor-animation-grow attachment-full size-full wp-image-2585\" alt=\"\" \/>\t\t\t\t\t\t\t\t<\/a>\n\t\t\t\t\t\t\t\t\t\t\t\t\t\t\t<\/div>\n\t\t\t\t<\/div>\n\t\t\t\t<\/div>\n\t\t\t\t\t<\/div>\n\t\t\t\t<\/div>\n\t\t\t\t<\/div>\n\t\t\t\t\t<\/div>\n\t\t\t\t<\/div>\n\t\t\t\t<\/div>\n\t\t","protected":false},"excerpt":{"rendered":"<p>EXTRA SOLUTIONS Other services available extra services Other services available To use our other services, please indicate your order in advance in the booking interface or by email.<\/p>\n","protected":false},"author":1,"featured_media":0,"parent":0,"menu_order":0,"comment_status":"closed","ping_status":"closed","template":"","meta":{"_glsr_average":0,"_glsr_ranking":0,"_glsr_reviews":0,"footnotes":""},"class_list":["post-3181","page","type-page","status-publish","hentry"],"yoast_head":"<!-- This site is optimized with the Yoast SEO Premium plugin v27.3 (Yoast SEO v27.3) - https:\/\/yoast.com\/product\/yoast-seo-premium-wordpress\/ -->\n<title>Other Services - Salt Hill Premium Apartments<\/title>\n<meta name=\"robots\" content=\"index, follow, max-snippet:-1, max-image-preview:large, max-video-preview:-1\" \/>\n<link rel=\"canonical\" href=\"https:\/\/salthill-apartments.hu\/en\/other-services\/\" \/>\n<meta property=\"og:locale\" content=\"en_US\" \/>\n<meta property=\"og:type\" content=\"article\" \/>\n<meta property=\"og:title\" content=\"Other Services\" \/>\n<meta property=\"og:description\" content=\"EXTRA SOLUTIONS Other services available extra services Other services available To use our other services, please indicate your order in advance in the booking interface or by email.\" \/>\n<meta property=\"og:url\" content=\"https:\/\/salthill-apartments.hu\/en\/other-services\/\" \/>\n<meta property=\"og:site_name\" content=\"Salt Hill Premium Apartments\" \/>\n<meta property=\"article:publisher\" content=\"https:\/\/www.facebook.com\/profile.php?id=61559642724711\" \/>\n<meta property=\"article:modified_time\" content=\"2025-12-02T10:03:08+00:00\" \/>\n<meta property=\"og:image\" content=\"https:\/\/salthill-apartments.hu\/wp-content\/uploads\/2023\/07\/champagne.png\" \/>\n\t<meta property=\"og:image:width\" content=\"1024\" \/>\n\t<meta property=\"og:image:height\" content=\"1024\" \/>\n\t<meta property=\"og:image:type\" content=\"image\/png\" \/>\n<meta name=\"twitter:card\" content=\"summary_large_image\" \/>\n<meta name=\"twitter:label1\" content=\"Est. reading time\" \/>\n\t<meta name=\"twitter:data1\" content=\"2 minutes\" \/>\n<script type=\"application\/ld+json\" class=\"yoast-schema-graph\">{\"@context\":\"https:\\\/\\\/schema.org\",\"@graph\":[{\"@type\":\"WebPage\",\"@id\":\"https:\\\/\\\/salthill-apartments.hu\\\/en\\\/other-services\\\/\",\"url\":\"https:\\\/\\\/salthill-apartments.hu\\\/en\\\/other-services\\\/\",\"name\":\"Other Services - Salt Hill Premium Apartments\",\"isPartOf\":{\"@id\":\"https:\\\/\\\/salthill-apartments.hu\\\/#website\"},\"primaryImageOfPage\":{\"@id\":\"https:\\\/\\\/salthill-apartments.hu\\\/en\\\/other-services\\\/#primaryimage\"},\"image\":{\"@id\":\"https:\\\/\\\/salthill-apartments.hu\\\/en\\\/other-services\\\/#primaryimage\"},\"thumbnailUrl\":\"https:\\\/\\\/salthill-apartments.hu\\\/wp-content\\\/uploads\\\/2023\\\/07\\\/champagne.png\",\"datePublished\":\"2024-04-14T15:46:44+00:00\",\"dateModified\":\"2025-12-02T10:03:08+00:00\",\"breadcrumb\":{\"@id\":\"https:\\\/\\\/salthill-apartments.hu\\\/en\\\/other-services\\\/#breadcrumb\"},\"inLanguage\":\"en-US\",\"potentialAction\":[{\"@type\":\"ReadAction\",\"target\":[\"https:\\\/\\\/salthill-apartments.hu\\\/en\\\/other-services\\\/\"]}]},{\"@type\":\"ImageObject\",\"inLanguage\":\"en-US\",\"@id\":\"https:\\\/\\\/salthill-apartments.hu\\\/en\\\/other-services\\\/#primaryimage\",\"url\":\"https:\\\/\\\/salthill-apartments.hu\\\/wp-content\\\/uploads\\\/2023\\\/07\\\/champagne.png\",\"contentUrl\":\"https:\\\/\\\/salthill-apartments.hu\\\/wp-content\\\/uploads\\\/2023\\\/07\\\/champagne.png\"},{\"@type\":\"BreadcrumbList\",\"@id\":\"https:\\\/\\\/salthill-apartments.hu\\\/en\\\/other-services\\\/#breadcrumb\",\"itemListElement\":[{\"@type\":\"ListItem\",\"position\":1,\"name\":\"Kezd\u0151lap\",\"item\":\"https:\\\/\\\/salthill-apartments.hu\\\/en\\\/\"},{\"@type\":\"ListItem\",\"position\":2,\"name\":\"Other Services\"}]},{\"@type\":\"WebSite\",\"@id\":\"https:\\\/\\\/salthill-apartments.hu\\\/#website\",\"url\":\"https:\\\/\\\/salthill-apartments.hu\\\/\",\"name\":\"Salt Hill Premium Apartments\",\"description\":\"Egyed\u00fcl\u00e1ll\u00f3 K\u00f6rnyezet Sz\u00e1llodai Min\u0151s\u00e9gben\",\"publisher\":{\"@id\":\"https:\\\/\\\/salthill-apartments.hu\\\/#organization\"},\"alternateName\":\"Salt Hill Apartments\",\"potentialAction\":[{\"@type\":\"SearchAction\",\"target\":{\"@type\":\"EntryPoint\",\"urlTemplate\":\"https:\\\/\\\/salthill-apartments.hu\\\/?s={search_term_string}\"},\"query-input\":{\"@type\":\"PropertyValueSpecification\",\"valueRequired\":true,\"valueName\":\"search_term_string\"}}],\"inLanguage\":\"en-US\"},{\"@type\":\"Organization\",\"@id\":\"https:\\\/\\\/salthill-apartments.hu\\\/#organization\",\"name\":\"Salt Hill Premium Apartments\",\"url\":\"https:\\\/\\\/salthill-apartments.hu\\\/\",\"logo\":{\"@type\":\"ImageObject\",\"inLanguage\":\"en-US\",\"@id\":\"https:\\\/\\\/salthill-apartments.hu\\\/#\\\/schema\\\/logo\\\/image\\\/\",\"url\":\"https:\\\/\\\/salthill-apartments.hu\\\/wp-content\\\/uploads\\\/2023\\\/06\\\/Logo-Black.png\",\"contentUrl\":\"https:\\\/\\\/salthill-apartments.hu\\\/wp-content\\\/uploads\\\/2023\\\/06\\\/Logo-Black.png\",\"width\":250,\"height\":319,\"caption\":\"Salt Hill Premium Apartments\"},\"image\":{\"@id\":\"https:\\\/\\\/salthill-apartments.hu\\\/#\\\/schema\\\/logo\\\/image\\\/\"},\"sameAs\":[\"https:\\\/\\\/www.facebook.com\\\/profile.php?id=61559642724711\",\"https:\\\/\\\/www.instagram.com\\\/salthillpremiumapartments\\\/?hl=hu\"],\"description\":\"Egyed\u00fcl\u00e1ll\u00f3 k\u00f6rnyezet, sz\u00e1llodai min\u0151s\u00e9gben! A k\u00f6zelm\u00falt esem\u00e9nyei \u00e9s a jelenkor v\u00e1ltoz\u00e1sai megmutatt\u00e1k, hogy a legnagyobb \u00e9rt\u00e9k az egy\u00fctt t\u00f6lt\u00f6tt id\u0151. A Salt Hill Premium Apartments a gy\u00f6ny\u00f6r\u0171 fenyvesek \u00e1ltal k\u00f6r\u00fcl\u00f6lelt egerszal\u00f3ki Term\u00e1l V\u00f6lgyben, az egerszal\u00f3ki gy\u00f3gyforr\u00e1s \u00e9s az Eur\u00f3p\u00e1ban egyed\u00fcl\u00e1ll\u00f3 egerszal\u00f3ki S\u00f3domb k\u00f6zvetlen k\u00f6zel\u00e9ben v\u00e1rja a pihenni \u00e9s kikapcsol\u00f3dni v\u00e1gy\u00f3 vend\u00e9geket.\",\"email\":\"info@salthill-apartments.hu\"}]}<\/script>\n<!-- \/ Yoast SEO Premium plugin. -->","yoast_head_json":{"title":"Other Services - Salt Hill Premium Apartments","robots":{"index":"index","follow":"follow","max-snippet":"max-snippet:-1","max-image-preview":"max-image-preview:large","max-video-preview":"max-video-preview:-1"},"canonical":"https:\/\/salthill-apartments.hu\/en\/other-services\/","og_locale":"en_US","og_type":"article","og_title":"Other Services","og_description":"EXTRA SOLUTIONS Other services available extra services Other services available To use our other services, please indicate your order in advance in the booking interface or by email.","og_url":"https:\/\/salthill-apartments.hu\/en\/other-services\/","og_site_name":"Salt Hill Premium Apartments","article_publisher":"https:\/\/www.facebook.com\/profile.php?id=61559642724711","article_modified_time":"2025-12-02T10:03:08+00:00","og_image":[{"width":1024,"height":1024,"url":"https:\/\/salthill-apartments.hu\/wp-content\/uploads\/2023\/07\/champagne.png","type":"image\/png"}],"twitter_card":"summary_large_image","twitter_misc":{"Est. reading time":"2 minutes"},"schema":{"@context":"https:\/\/schema.org","@graph":[{"@type":"WebPage","@id":"https:\/\/salthill-apartments.hu\/en\/other-services\/","url":"https:\/\/salthill-apartments.hu\/en\/other-services\/","name":"Other Services - Salt Hill Premium Apartments","isPartOf":{"@id":"https:\/\/salthill-apartments.hu\/#website"},"primaryImageOfPage":{"@id":"https:\/\/salthill-apartments.hu\/en\/other-services\/#primaryimage"},"image":{"@id":"https:\/\/salthill-apartments.hu\/en\/other-services\/#primaryimage"},"thumbnailUrl":"https:\/\/salthill-apartments.hu\/wp-content\/uploads\/2023\/07\/champagne.png","datePublished":"2024-04-14T15:46:44+00:00","dateModified":"2025-12-02T10:03:08+00:00","breadcrumb":{"@id":"https:\/\/salthill-apartments.hu\/en\/other-services\/#breadcrumb"},"inLanguage":"en-US","potentialAction":[{"@type":"ReadAction","target":["https:\/\/salthill-apartments.hu\/en\/other-services\/"]}]},{"@type":"ImageObject","inLanguage":"en-US","@id":"https:\/\/salthill-apartments.hu\/en\/other-services\/#primaryimage","url":"https:\/\/salthill-apartments.hu\/wp-content\/uploads\/2023\/07\/champagne.png","contentUrl":"https:\/\/salthill-apartments.hu\/wp-content\/uploads\/2023\/07\/champagne.png"},{"@type":"BreadcrumbList","@id":"https:\/\/salthill-apartments.hu\/en\/other-services\/#breadcrumb","itemListElement":[{"@type":"ListItem","position":1,"name":"Kezd\u0151lap","item":"https:\/\/salthill-apartments.hu\/en\/"},{"@type":"ListItem","position":2,"name":"Other Services"}]},{"@type":"WebSite","@id":"https:\/\/salthill-apartments.hu\/#website","url":"https:\/\/salthill-apartments.hu\/","name":"Salt Hill Premium Apartments","description":"Egyed\u00fcl\u00e1ll\u00f3 K\u00f6rnyezet Sz\u00e1llodai Min\u0151s\u00e9gben","publisher":{"@id":"https:\/\/salthill-apartments.hu\/#organization"},"alternateName":"Salt Hill Apartments","potentialAction":[{"@type":"SearchAction","target":{"@type":"EntryPoint","urlTemplate":"https:\/\/salthill-apartments.hu\/?s={search_term_string}"},"query-input":{"@type":"PropertyValueSpecification","valueRequired":true,"valueName":"search_term_string"}}],"inLanguage":"en-US"},{"@type":"Organization","@id":"https:\/\/salthill-apartments.hu\/#organization","name":"Salt Hill Premium Apartments","url":"https:\/\/salthill-apartments.hu\/","logo":{"@type":"ImageObject","inLanguage":"en-US","@id":"https:\/\/salthill-apartments.hu\/#\/schema\/logo\/image\/","url":"https:\/\/salthill-apartments.hu\/wp-content\/uploads\/2023\/06\/Logo-Black.png","contentUrl":"https:\/\/salthill-apartments.hu\/wp-content\/uploads\/2023\/06\/Logo-Black.png","width":250,"height":319,"caption":"Salt Hill Premium Apartments"},"image":{"@id":"https:\/\/salthill-apartments.hu\/#\/schema\/logo\/image\/"},"sameAs":["https:\/\/www.facebook.com\/profile.php?id=61559642724711","https:\/\/www.instagram.com\/salthillpremiumapartments\/?hl=hu"],"description":"Egyed\u00fcl\u00e1ll\u00f3 k\u00f6rnyezet, sz\u00e1llodai min\u0151s\u00e9gben! A k\u00f6zelm\u00falt esem\u00e9nyei \u00e9s a jelenkor v\u00e1ltoz\u00e1sai megmutatt\u00e1k, hogy a legnagyobb \u00e9rt\u00e9k az egy\u00fctt t\u00f6lt\u00f6tt id\u0151. A Salt Hill Premium Apartments a gy\u00f6ny\u00f6r\u0171 fenyvesek \u00e1ltal k\u00f6r\u00fcl\u00f6lelt egerszal\u00f3ki Term\u00e1l V\u00f6lgyben, az egerszal\u00f3ki gy\u00f3gyforr\u00e1s \u00e9s az Eur\u00f3p\u00e1ban egyed\u00fcl\u00e1ll\u00f3 egerszal\u00f3ki S\u00f3domb k\u00f6zvetlen k\u00f6zel\u00e9ben v\u00e1rja a pihenni \u00e9s kikapcsol\u00f3dni v\u00e1gy\u00f3 vend\u00e9geket.","email":"info@salthill-apartments.hu"}]}},"_links":{"self":[{"href":"https:\/\/salthill-apartments.hu\/en\/wp-json\/wp\/v2\/pages\/3181","targetHints":{"allow":["GET"]}}],"collection":[{"href":"https:\/\/salthill-apartments.hu\/en\/wp-json\/wp\/v2\/pages"}],"about":[{"href":"https:\/\/salthill-apartments.hu\/en\/wp-json\/wp\/v2\/types\/page"}],"author":[{"embeddable":true,"href":"https:\/\/salthill-apartments.hu\/en\/wp-json\/wp\/v2\/users\/1"}],"replies":[{"embeddable":true,"href":"https:\/\/salthill-apartments.hu\/en\/wp-json\/wp\/v2\/comments?post=3181"}],"version-history":[{"count":8,"href":"https:\/\/salthill-apartments.hu\/en\/wp-json\/wp\/v2\/pages\/3181\/revisions"}],"predecessor-version":[{"id":4264,"href":"https:\/\/salthill-apartments.hu\/en\/wp-json\/wp\/v2\/pages\/3181\/revisions\/4264"}],"wp:attachment":[{"href":"https:\/\/salthill-apartments.hu\/en\/wp-json\/wp\/v2\/media?parent=3181"}],"curies":[{"name":"wp","href":"https:\/\/api.w.org\/{rel}","templated":true}]}}